{"id":620,"date":"2024-07-16T06:44:40","date_gmt":"2024-07-16T06:44:40","guid":{"rendered":"http:\/\/de.mueller-franken.de\/?page_id=620"},"modified":"2024-09-12T18:15:19","modified_gmt":"2024-09-12T18:15:19","slug":"kunstdrucke","status":"publish","type":"page","link":"https:\/\/de.mueller-franken.de\/?page_id=620","title":{"rendered":"Kunstdrucke"},"content":{"rendered":"<p>Von s\u00e4mtlichen Bildmotiven k\u00f6nnen Tintenstrahldrucke in pigmentierter Tinte vom Epson Stylus Pro 9900 erworben werden.<\/p>\n<p><img loading=\"lazy\" decoding=\"async\" class=\"aligncenter wp-image-623 size-full\" src=\"https:\/\/de.mueller-franken.de\/wp-content\/uploads\/2024\/07\/Kunstdruck.-Johannes-mueller-franken-e1721112084198.png\" alt=\"\" width=\"1233\" height=\"942\" srcset=\"https:\/\/de.mueller-franken.de\/wp-content\/uploads\/2024\/07\/Kunstdruck.-Johannes-mueller-franken-e1721112084198.png 1233w, https:\/\/de.mueller-franken.de\/wp-content\/uploads\/2024\/07\/Kunstdruck.-Johannes-mueller-franken-e1721112084198-262x200.png 262w, https:\/\/de.mueller-franken.de\/wp-content\/uploads\/2024\/07\/Kunstdruck.-Johannes-mueller-franken-e1721112084198-170x130.png 170w, https:\/\/de.mueller-franken.de\/wp-content\/uploads\/2024\/07\/Kunstdruck.-Johannes-mueller-franken-e1721112084198-768x587.png 768w\" sizes=\"auto, (max-width: 1233px) 100vw, 1233px\" \/><\/p>\n<p>Es sind drei Ausf\u00fchrungen m\u00f6glich:<\/p>\n<h2>1. In auf 60 Exemplare begrenzter Auflage auf hochwertigem Hahnem\u00fchle Photo Rag 308 g matt Papier.<\/h2>\n<p>Dieses Papier hat das Gewicht und die Haptik von schwerem Kupferdruckpapier.<br \/>\nJeder Druck ist links unten signiert und nummeriert. Hinzu kommt ein 4 bzw. 5 cm breiter, wei\u00dfer Rand.<\/p>\n<p class=\"p1\">Preisgruppe I (Formate bis 38 x 30 cm + 4 cm Rand): 200,- \u20ac.<br \/>\nPreisgruppe II (Formate 70 x 55 cm bis 80 x 70 cm + 5 cm Rand): 360,- bis 390, &#8211; \u20ac.<br \/>\nPreisgruppe III (Formate 100 x 74 cm bis 100 x 94 cm + 5 cm Rand): 460,- bis 540,- \u20ac.<\/p>\n<h2 class=\"p1\">2. In unbegrenzter Auflage auf Photolux 260 g Glanzpapier, links unten signiert, ohne Nummerierung.<\/h2>\n<p class=\"p1\">Hinzu kommt ein 4 bzw. 5 cm breiter, wei\u00dfer Rand.<\/p>\n<p class=\"p1\">Preisgruppe I (Formate bis 38 x 30 cm + 4 cm Rand): 100,- \u20ac.<br \/>\nPreisgruppe II (Formate 70 x 55 cm bis 80 x 70 cm + 5 cm Rand): 160,- bis 175,- \u20ac.<br \/>\nPreisgruppe III (Formate 100 x 74 cm bis 100 x 94 cm + 5 cm Rand): 195,- bis 220,- \u20ac.<\/p>\n<h2 class=\"p1\">3. In unbegrenzter Auflage auf Leinwand, keine Signatur, keine Nummerierung und statt mit einem wei\u00dfen Rand 3 cm nach au\u00dfen gespiegelt.<\/h2>\n<p class=\"p1\">Die Leinwand kann auf Standard-Keilrahmen aufgezogen werden.<\/p>\n<p class=\"p1\">Preisgruppe I (Formate bis 38 x 30 cm + 4 cm Rand): 90,- \u20ac.<br \/>\nPreisgruppe II (Formate 70 x 55 cm bis 80 x 70 cm + 5 cm Rand): 150,- bis 165,- \u20ac.<br \/>\nPreisgruppe III (Formate 100 x 74 cm bis 100 x 94 cm + 5 cm Rand): 180,- bis 200,- \u20ac.<\/p>\n<p class=\"p1\">Alle Drucke sind im Originalformat des zugrundeliegenden Bildes. Wenn dieses 100 cm \u00fcbersteigt, bleibt das Druckformat auf 100 cm begrenzt. Bei den Papierdrucken sind 4 cm bzw. 5 cm umlaufender, wei\u00dfer Rand, bei den Leinwanddrucken 3 cm umlaufende Spiegelung hinzuzurechnen.<\/p>\n<p class=\"p1\">Innerhalb der Preisgruppen k\u00f6nnen die Originalformate leicht voneinander abweichen.<\/p>\n<h2 class=\"p1\">Versand<\/h2>\n<p class=\"p1\">Der bestellte Druck wird in eine Versandrolle mit eckigem Au\u00dfenkarton verpackt: 22,- Euro (bei kleineren Formaten g\u00fcnstiger).<br \/>\nVersand per DHL bei Standart-Lieferzeit: 15,- Euro.<\/p>\n<p class=\"p1\">Bei Overnightkurier Preis auf Anfrage.<\/p>\n","protected":false},"excerpt":{"rendered":"<p>Von s\u00e4mtlichen Bildmotiven k\u00f6nnen Tintenstrahldrucke in pigmentierter Tinte vom Epson Stylus Pro 9900 erworben werden. Es sind drei Ausf\u00fchrungen m\u00f6glich: 1. In auf 60 Exemplare begrenzter Auflage auf hochwertigem Hahnem\u00fchle Photo Rag 308 g matt Papier. Dieses Papier hat das Gewicht und die Haptik von schwerem Kupferdruckpapier. Jeder Druck ist links unten signiert und nummeriert. [&hellip;]<\/p>\n","protected":false},"author":1,"featured_media":0,"parent":0,"menu_order":0,"comment_status":"closed","ping_status":"closed","template":"","meta":{"footnotes":""},"class_list":["post-620","page","type-page","status-publish","hentry"],"_links":{"self":[{"href":"https:\/\/de.mueller-franken.de\/index.php?rest_route=\/wp\/v2\/pages\/620","targetHints":{"allow":["GET"]}}],"collection":[{"href":"https:\/\/de.mueller-franken.de\/index.php?rest_route=\/wp\/v2\/pages"}],"about":[{"href":"https:\/\/de.mueller-franken.de\/index.php?rest_route=\/wp\/v2\/types\/page"}],"author":[{"embeddable":true,"href":"https:\/\/de.mueller-franken.de\/index.php?rest_route=\/wp\/v2\/users\/1"}],"replies":[{"embeddable":true,"href":"https:\/\/de.mueller-franken.de\/index.php?rest_route=%2Fwp%2Fv2%2Fcomments&post=620"}],"version-history":[{"count":5,"href":"https:\/\/de.mueller-franken.de\/index.php?rest_route=\/wp\/v2\/pages\/620\/revisions"}],"predecessor-version":[{"id":634,"href":"https:\/\/de.mueller-franken.de\/index.php?rest_route=\/wp\/v2\/pages\/620\/revisions\/634"}],"wp:attachment":[{"href":"https:\/\/de.mueller-franken.de\/index.php?rest_route=%2Fwp%2Fv2%2Fmedia&parent=620"}],"curies":[{"name":"wp","href":"https:\/\/api.w.org\/{rel}","templated":true}]}}