{"id":397,"date":"2012-11-14T13:24:26","date_gmt":"2012-11-14T13:24:26","guid":{"rendered":"http:\/\/neu.mueller-franken.de\/?page_id=397"},"modified":"2021-01-27T08:42:31","modified_gmt":"2021-01-27T08:42:31","slug":"impressum","status":"publish","type":"page","link":"https:\/\/de.mueller-franken.de\/?page_id=397","title":{"rendered":"Impressum"},"content":{"rendered":"<p style=\"font-weight: bold; margin: 1em 0 0 0;\">Verantwortlich im Sinne \u00a7 6 Teledienstegesetz (TDG):<\/p>\n<p>Johannes M\u00fcller-Franken<\/p>\n<p style=\"font-weight: bold; margin: 1em 0 0 0;\">Atelier:<\/p>\n<p>Vorderer Anger 212, 86899 Landsberg<\/p>\n<p style=\"font-weight: bold; margin: 1em 0 0 0;\">E-Mail:<\/p>\n<p><a href=\"mailto:johannesmuellerfranken@gmx.de\" target=\"_blank\" rel=\"noopener\">johannesmuellerfranken@gmx.de<\/a><\/p>\n<p style=\"font-weight: bold; margin: 1em 0 0 0;\">Reproduktionsfotos:<\/p>\n<p>Herbert Fischer, Frankfurt am Main K.O.W. M\u00fcller, Frankfurt am Main Markus Witt, Wiesbaden Werner Nitsch, Hamburg Erich M\u00fcller-Gr\u00fcnitz, Aschaffenburg <\/p>\n<p>Das gesamte Bildmaterial der Website sowie Texte, Layout und Gestaltung sind urheberrechtlich gesch\u00fctzt.<\/p>\n<p style=\"font-weight: bold; margin: 1em 0 0 0;\">Gestaltung der Webseite:\u00a0<a href=\"http:\/\/netwunder.de\/\" target=\"_blank\" rel=\"noopener\">netwunder.de<\/a><\/p>\n","protected":false},"excerpt":{"rendered":"<p>Verantwortlich im Sinne \u00a7 6 Teledienstegesetz (TDG): Johannes M\u00fcller-Franken Atelier: Vorderer Anger 212, 86899 Landsberg E-Mail: johannesmuellerfranken@gmx.de Reproduktionsfotos: Herbert Fischer, Frankfurt am Main K.O.W. M\u00fcller, Frankfurt am Main Markus Witt, Wiesbaden Werner Nitsch, Hamburg Erich M\u00fcller-Gr\u00fcnitz, Aschaffenburg Das gesamte Bildmaterial der Website sowie Texte, Layout und Gestaltung sind urheberrechtlich gesch\u00fctzt. Gestaltung der Webseite:\u00a0netwunder.de<\/p>\n","protected":false},"author":1,"featured_media":0,"parent":0,"menu_order":0,"comment_status":"open","ping_status":"open","template":"","meta":{"footnotes":""},"class_list":["post-397","page","type-page","status-publish","hentry"],"_links":{"self":[{"href":"https:\/\/de.mueller-franken.de\/index.php?rest_route=\/wp\/v2\/pages\/397","targetHints":{"allow":["GET"]}}],"collection":[{"href":"https:\/\/de.mueller-franken.de\/index.php?rest_route=\/wp\/v2\/pages"}],"about":[{"href":"https:\/\/de.mueller-franken.de\/index.php?rest_route=\/wp\/v2\/types\/page"}],"author":[{"embeddable":true,"href":"https:\/\/de.mueller-franken.de\/index.php?rest_route=\/wp\/v2\/users\/1"}],"replies":[{"embeddable":true,"href":"https:\/\/de.mueller-franken.de\/index.php?rest_route=%2Fwp%2Fv2%2Fcomments&post=397"}],"version-history":[{"count":12,"href":"https:\/\/de.mueller-franken.de\/index.php?rest_route=\/wp\/v2\/pages\/397\/revisions"}],"predecessor-version":[{"id":574,"href":"https:\/\/de.mueller-franken.de\/index.php?rest_route=\/wp\/v2\/pages\/397\/revisions\/574"}],"wp:attachment":[{"href":"https:\/\/de.mueller-franken.de\/index.php?rest_route=%2Fwp%2Fv2%2Fmedia&parent=397"}],"curies":[{"name":"wp","href":"https:\/\/api.w.org\/{rel}","templated":true}]}}